{"id":2,"date":"2023-06-03T19:18:56","date_gmt":"2023-06-03T19:18:56","guid":{"rendered":"https:\/\/www.nlpwebinarmx.org\/nlpwebinarmx\/?page_id=2"},"modified":"2024-02-28T19:04:52","modified_gmt":"2024-02-28T19:04:52","slug":"nlp-webinar-mx","status":"publish","type":"page","link":"https:\/\/www.nlpwebinarmx.org\/nlpwebinarmx\/nlp-webinar-mx\/","title":{"rendered":"NLP Webinar Mx"},"content":{"rendered":"\n<p>La iniciativa tiene como objetivo crear una serie de seminarios virtuales para la difusi\u00f3n y discusi\u00f3n de los trabajos que realiza la comunidad de investigadores del \u00e1rea de procesamiento de lenguaje natural (PLN), principalmente de M\u00e9xico.\u00a0 La idea es que la comunidad pueda discutir peri\u00f3dicamente algunos temas, adem\u00e1s de que crezca y cada vez se integren otros investigadores acortando las distancias geogr\u00e1ficas. Tambi\u00e9n se busca que el p\u00fablico en general conozca m\u00e1s de cerca los problemas que se abordan por la comunidad de PLN, aprovechando la actividad creciente en las plataformas para conferencias virtuales. La inciativa se crea en Agosto de 2020, derivado de la situaci\u00f3n de Pandemia  en M\u00e9xico. <\/p>\n\n\n\n<p>Los Webinars se transmitir\u00e1n por streaming en las redes sociales (Facebook, Youtube), tentativamente a trav\u00e9s de la aplicaci\u00f3n Zoom. A continuaci\u00f3n, las modalidades de participaci\u00f3n a las que los invitamos son:<br>&nbsp; &nbsp; &nbsp;a. Trabajo consolidado: presentaci\u00f3n de resultados de experimentos(propios o de terceros), por publicarse o publicados(con duraci\u00f3n de 30 minutos + sesi\u00f3n de discusi\u00f3n y preguntas).<br>&nbsp; &nbsp; &nbsp;b. Presentaci\u00f3n de trabajos de estudiantes de licenciatura, maestr\u00eda y doctorado (con duraci\u00f3n de 30 minutos + sesi\u00f3n de discusi\u00f3n y preguntas).<br>&nbsp; &nbsp; &nbsp;c. Proyectos en Desarrollo. (con duraci\u00f3n de 30 minutos + sesi\u00f3n de discusi\u00f3n y preguntas)<br>&nbsp; &nbsp; &nbsp;d. Pl\u00e1tica Magistral (con duraci\u00f3n de 50 minutos + sesi\u00f3n de discusi\u00f3n y preguntas).<br>&nbsp; &nbsp; &nbsp;e. Q&amp;A: &nbsp;Sesiones donde un experto\/s responden preguntas previamente recolectadas y en vivo a diferentes t\u00f3picos. (con duraci\u00f3n de 50 minutos + sesi\u00f3n de discusi\u00f3n y preguntas) .<\/p>\n\n\n\n<p>   f. Talleres relacionados al PLN.<\/p>\n\n\n\n<p><br>Invitamos a todos a participar como ponentes en alguna de las diferentes modalidades. El correo para enviar el nombre del participante y t\u00edtulo es&nbsp;<a rel=\"noreferrer noopener\" href=\"mailto:webinarsnlpmx@gmail.com\" target=\"_blank\">webinarsnlpmx@gmail.com<\/a>.<br><br>Incluimos las cuentas de Redes Sociales<br><\/p>\n\n\n\n<ul class=\"wp-block-list\">\n<li>https:\/\/twitter.com\/mx_nlp<\/li>\n\n\n\n<li>Facebook : <a rel=\"noreferrer noopener\" href=\"https:\/\/www.facebook.com\/groups\/592447954728066\/\" target=\"_blank\">https:\/\/www.facebook.com\/groups\/592447954728066\/<\/a><\/li>\n\n\n\n<li>Canal de YouTube&nbsp;<a href=\"https:\/\/www.youtube.com\/c\/WebinarsNLPMx\">https:\/\/www.youtube.com\/c\/WebinarsNLPMx<\/a><a href=\"https:\/\/www.youtube.com\/c\/WebinarsNLPMx\"><\/a><\/li>\n\n\n\n<li>Canal en SLACK :&nbsp;<a href=\"https:\/\/join.slack.com\/t\/nuevoespaciod-fkb6031\/shared_invite\/zt-1b3akw03r-NizziNkimUQKkXbGxhWNyQ\">https:\/\/join.slack.com\/t\/nuevoespaciod-fkb6031\/shared_invite\/zt-1b3akw03r-NizziNkimUQKkXbGxhWNyQ<\/a><\/li>\n\n\n\n<li>Podcast \u00abEntre palabras y Bits\u00bb:&nbsp;<a href=\"https:\/\/podcasters.spotify.com\/pod\/show\/entrepalabrasybits\/\">https:\/\/podcasters.spotify.com\/pod\/show\/entrepalabrasybits\/<\/a><\/li>\n<\/ul>\n\n\n\n<p><\/p>\n\n\n\n<p class=\"has-text-align-center\"><strong>Organizadores: <\/strong><\/p>\n\n\n\n<p><\/p>\n\n\n\n<div class=\"wp-block-media-text alignwide is-stacked-on-mobile\" style=\"grid-template-columns:15% auto\"><figure class=\"wp-block-media-text__media\"><img loading=\"lazy\" decoding=\"async\" width=\"1024\" height=\"1024\" src=\"https:\/\/www.nlpwebinarmx.org\/nlpwebinarmx\/wp-content\/uploads\/2023\/10\/GRRFotoProfile-1024x1024.jpg\" alt=\"\" class=\"wp-image-125 size-full\" srcset=\"https:\/\/www.nlpwebinarmx.org\/nlpwebinarmx\/wp-content\/uploads\/2023\/10\/GRRFotoProfile-1024x1024.jpg 1024w, https:\/\/www.nlpwebinarmx.org\/nlpwebinarmx\/wp-content\/uploads\/2023\/10\/GRRFotoProfile-300x300.jpg 300w, https:\/\/www.nlpwebinarmx.org\/nlpwebinarmx\/wp-content\/uploads\/2023\/10\/GRRFotoProfile-150x150.jpg 150w, https:\/\/www.nlpwebinarmx.org\/nlpwebinarmx\/wp-content\/uploads\/2023\/10\/GRRFotoProfile-768x768.jpg 768w, https:\/\/www.nlpwebinarmx.org\/nlpwebinarmx\/wp-content\/uploads\/2023\/10\/GRRFotoProfile-1536x1536.jpg 1536w, https:\/\/www.nlpwebinarmx.org\/nlpwebinarmx\/wp-content\/uploads\/2023\/10\/GRRFotoProfile-2048x2048.jpg 2048w, https:\/\/www.nlpwebinarmx.org\/nlpwebinarmx\/wp-content\/uploads\/2023\/10\/GRRFotoProfile-600x600.jpg 600w\" sizes=\"auto, (max-width: 1024px) 100vw, 1024px\" \/><\/figure><div class=\"wp-block-media-text__content\">\n<p class=\"has-text-align-left\"><a href=\"https:\/\/gabyrr.github.io\/\">Gabriela Ram\u00edrez de la Rosa- UAM Cuajimalpa<\/a><\/p>\n<\/div><\/div>\n\n\n\n<div class=\"wp-block-media-text alignwide is-stacked-on-mobile\" style=\"grid-template-columns:15% auto\"><figure class=\"wp-block-media-text__media\"><img loading=\"lazy\" decoding=\"async\" width=\"895\" height=\"1024\" src=\"https:\/\/www.nlpwebinarmx.org\/nlpwebinarmx\/wp-content\/uploads\/2023\/10\/samuel-2-895x1024.jpg\" alt=\"\" class=\"wp-image-124 size-full\" srcset=\"https:\/\/www.nlpwebinarmx.org\/nlpwebinarmx\/wp-content\/uploads\/2023\/10\/samuel-2-895x1024.jpg 895w, https:\/\/www.nlpwebinarmx.org\/nlpwebinarmx\/wp-content\/uploads\/2023\/10\/samuel-2-262x300.jpg 262w, https:\/\/www.nlpwebinarmx.org\/nlpwebinarmx\/wp-content\/uploads\/2023\/10\/samuel-2-768x878.jpg 768w, https:\/\/www.nlpwebinarmx.org\/nlpwebinarmx\/wp-content\/uploads\/2023\/10\/samuel-2.jpg 897w\" sizes=\"auto, (max-width: 895px) 100vw, 895px\" \/><\/figure><div class=\"wp-block-media-text__content\">\n<p><a href=\"http:\/\/samuelgonzalez-lopez.com\/\">Samuel Gonzalez L\u00f3pez- UTN<\/a><\/p>\n<\/div><\/div>\n\n\n\n<div class=\"wp-block-media-text alignwide is-stacked-on-mobile\" style=\"grid-template-columns:15% auto\"><figure class=\"wp-block-media-text__media\"><img loading=\"lazy\" decoding=\"async\" width=\"788\" height=\"1024\" src=\"https:\/\/www.nlpwebinarmx.org\/nlpwebinarmx\/wp-content\/uploads\/2023\/10\/x_usarmike_1-788x1024.jpg\" alt=\"\" class=\"wp-image-126 size-full\" srcset=\"https:\/\/www.nlpwebinarmx.org\/nlpwebinarmx\/wp-content\/uploads\/2023\/10\/x_usarmike_1-788x1024.jpg 788w, https:\/\/www.nlpwebinarmx.org\/nlpwebinarmx\/wp-content\/uploads\/2023\/10\/x_usarmike_1-231x300.jpg 231w, https:\/\/www.nlpwebinarmx.org\/nlpwebinarmx\/wp-content\/uploads\/2023\/10\/x_usarmike_1-768x998.jpg 768w, https:\/\/www.nlpwebinarmx.org\/nlpwebinarmx\/wp-content\/uploads\/2023\/10\/x_usarmike_1-1183x1536.jpg 1183w, https:\/\/www.nlpwebinarmx.org\/nlpwebinarmx\/wp-content\/uploads\/2023\/10\/x_usarmike_1.jpg 1221w\" sizes=\"auto, (max-width: 788px) 100vw, 788px\" \/><\/figure><div class=\"wp-block-media-text__content\">\n<p><a href=\"https:\/\/ccc.inaoep.mx\/~jesusmiguelgarcia\/\">Jes\u00fas Miguel Garc\u00eda Gorrostieta- Unisierra Sonora<\/a><\/p>\n<\/div><\/div>\n\n\n\n<div class=\"wp-block-media-text alignwide is-stacked-on-mobile\" style=\"grid-template-columns:15% auto\"><figure class=\"wp-block-media-text__media\"><img loading=\"lazy\" decoding=\"async\" width=\"683\" height=\"1024\" src=\"https:\/\/www.nlpwebinarmx.org\/nlpwebinarmx\/wp-content\/uploads\/2023\/10\/foto_ivan_meza-683x1024.jpg\" alt=\"\" class=\"wp-image-127 size-full\" srcset=\"https:\/\/www.nlpwebinarmx.org\/nlpwebinarmx\/wp-content\/uploads\/2023\/10\/foto_ivan_meza-683x1024.jpg 683w, https:\/\/www.nlpwebinarmx.org\/nlpwebinarmx\/wp-content\/uploads\/2023\/10\/foto_ivan_meza-200x300.jpg 200w, https:\/\/www.nlpwebinarmx.org\/nlpwebinarmx\/wp-content\/uploads\/2023\/10\/foto_ivan_meza-768x1152.jpg 768w, https:\/\/www.nlpwebinarmx.org\/nlpwebinarmx\/wp-content\/uploads\/2023\/10\/foto_ivan_meza.jpg 895w\" sizes=\"auto, (max-width: 683px) 100vw, 683px\" \/><\/figure><div class=\"wp-block-media-text__content\">\n<p><a href=\"https:\/\/turing.iimas.unam.mx\/~ivanvladimir\/\">Iv\u00e1n Vladimir Meza Ruiz- IIMAS\/UNAM<\/a><\/p>\n<\/div><\/div>\n\n\n\n<div class=\"wp-block-media-text alignwide is-stacked-on-mobile\" style=\"grid-template-columns:15% auto\"><figure class=\"wp-block-media-text__media\"><img loading=\"lazy\" decoding=\"async\" width=\"400\" height=\"400\" src=\"https:\/\/www.nlpwebinarmx.org\/nlpwebinarmx\/wp-content\/uploads\/2023\/10\/lopez.jpg\" alt=\"\" class=\"wp-image-130 size-full\" srcset=\"https:\/\/www.nlpwebinarmx.org\/nlpwebinarmx\/wp-content\/uploads\/2023\/10\/lopez.jpg 400w, https:\/\/www.nlpwebinarmx.org\/nlpwebinarmx\/wp-content\/uploads\/2023\/10\/lopez-300x300.jpg 300w, https:\/\/www.nlpwebinarmx.org\/nlpwebinarmx\/wp-content\/uploads\/2023\/10\/lopez-150x150.jpg 150w\" sizes=\"auto, (max-width: 400px) 100vw, 400px\" \/><\/figure><div class=\"wp-block-media-text__content\">\n<p><a href=\"https:\/\/www.linkedin.com\/in\/jessicalopezespejel\/\">Jessica L\u00f3pez Espejel-Empresa Novelis Par\u00eds Francia<\/a><\/p>\n<\/div><\/div>\n\n\n\n<div class=\"wp-block-media-text alignwide is-stacked-on-mobile\" style=\"grid-template-columns:15% auto\"><figure class=\"wp-block-media-text__media\"><img loading=\"lazy\" decoding=\"async\" width=\"164\" height=\"210\" src=\"https:\/\/www.nlpwebinarmx.org\/nlpwebinarmx\/wp-content\/uploads\/2023\/10\/pastor.png\" alt=\"\" class=\"wp-image-131 size-full\"\/><\/figure><div class=\"wp-block-media-text__content\">\n<p><a href=\"http:\/\/personal.cimat.mx:8181\/~pastor.lopez\/\">Adri\u00e1n Pastor L\u00f3pez Monroy- CIMAT Guanajuato<\/a><\/p>\n<\/div><\/div>\n\n\n\n<div class=\"wp-block-media-text alignwide is-stacked-on-mobile\" style=\"grid-template-columns:15% auto\"><figure class=\"wp-block-media-text__media\"><img loading=\"lazy\" decoding=\"async\" width=\"707\" height=\"923\" src=\"https:\/\/www.nlpwebinarmx.org\/nlpwebinarmx\/wp-content\/uploads\/2023\/10\/IMG-20230428-WA0020.jpg\" alt=\"\" class=\"wp-image-132 size-full\" srcset=\"https:\/\/www.nlpwebinarmx.org\/nlpwebinarmx\/wp-content\/uploads\/2023\/10\/IMG-20230428-WA0020.jpg 707w, https:\/\/www.nlpwebinarmx.org\/nlpwebinarmx\/wp-content\/uploads\/2023\/10\/IMG-20230428-WA0020-230x300.jpg 230w\" sizes=\"auto, (max-width: 707px) 100vw, 707px\" \/><\/figure><div class=\"wp-block-media-text__content\">\n<p><a href=\"https:\/\/pcc.cimat.mx\/es\/planta-academica-pcc\">Fernando S\u00e1nchez Vega- CIMAT Guanajuato<\/a><\/p>\n<\/div><\/div>\n\n\n\n<div class=\"wp-block-media-text alignwide is-stacked-on-mobile\" style=\"grid-template-columns:15% auto\"><figure class=\"wp-block-media-text__media\"><img loading=\"lazy\" decoding=\"async\" width=\"590\" height=\"605\" src=\"https:\/\/www.nlpwebinarmx.org\/nlpwebinarmx\/wp-content\/uploads\/2023\/10\/priego.jpg\" alt=\"\" class=\"wp-image-133 size-full\" srcset=\"https:\/\/www.nlpwebinarmx.org\/nlpwebinarmx\/wp-content\/uploads\/2023\/10\/priego.jpg 590w, https:\/\/www.nlpwebinarmx.org\/nlpwebinarmx\/wp-content\/uploads\/2023\/10\/priego-293x300.jpg 293w\" sizes=\"auto, (max-width: 590px) 100vw, 590px\" \/><\/figure><div class=\"wp-block-media-text__content\">\n<p><a href=\"https:\/\/www.linkedin.com\/in\/bel%C3%A9m-priego\/\">Bel\u00e9m Priego S\u00e1nchez- UAM Azcapotzalco<\/a><\/p>\n<\/div><\/div>\n\n\n\n<div class=\"wp-block-media-text alignwide is-stacked-on-mobile\" style=\"grid-template-columns:15% auto\"><figure class=\"wp-block-media-text__media\"><img loading=\"lazy\" decoding=\"async\" width=\"1024\" height=\"683\" src=\"https:\/\/www.nlpwebinarmx.org\/nlpwebinarmx\/wp-content\/uploads\/2023\/10\/IMG-20230428-WA0008-1024x683.jpg\" alt=\"\" class=\"wp-image-134 size-full\" srcset=\"https:\/\/www.nlpwebinarmx.org\/nlpwebinarmx\/wp-content\/uploads\/2023\/10\/IMG-20230428-WA0008-1024x683.jpg 1024w, https:\/\/www.nlpwebinarmx.org\/nlpwebinarmx\/wp-content\/uploads\/2023\/10\/IMG-20230428-WA0008-300x200.jpg 300w, https:\/\/www.nlpwebinarmx.org\/nlpwebinarmx\/wp-content\/uploads\/2023\/10\/IMG-20230428-WA0008-768x512.jpg 768w, https:\/\/www.nlpwebinarmx.org\/nlpwebinarmx\/wp-content\/uploads\/2023\/10\/IMG-20230428-WA0008-1536x1024.jpg 1536w, https:\/\/www.nlpwebinarmx.org\/nlpwebinarmx\/wp-content\/uploads\/2023\/10\/IMG-20230428-WA0008.jpg 1600w\" sizes=\"auto, (max-width: 1024px) 100vw, 1024px\" \/><\/figure><div class=\"wp-block-media-text__content\">\n<p><a href=\"http:\/\/hiramcalvo.com\/\">Francisco Hiram Calvo Castro CIC IPN<\/a><\/p>\n<\/div><\/div>\n\n\n\n<div class=\"wp-block-media-text alignwide is-stacked-on-mobile is-vertically-aligned-top\" style=\"grid-template-columns:15% auto\"><figure class=\"wp-block-media-text__media\"><img loading=\"lazy\" decoding=\"async\" width=\"399\" height=\"399\" src=\"https:\/\/www.nlpwebinarmx.org\/nlpwebinarmx\/wp-content\/uploads\/2023\/10\/5Jq2E9CO_400x400.jpg\" alt=\"\" class=\"wp-image-137 size-full\" srcset=\"https:\/\/www.nlpwebinarmx.org\/nlpwebinarmx\/wp-content\/uploads\/2023\/10\/5Jq2E9CO_400x400.jpg 399w, https:\/\/www.nlpwebinarmx.org\/nlpwebinarmx\/wp-content\/uploads\/2023\/10\/5Jq2E9CO_400x400-300x300.jpg 300w, https:\/\/www.nlpwebinarmx.org\/nlpwebinarmx\/wp-content\/uploads\/2023\/10\/5Jq2E9CO_400x400-150x150.jpg 150w\" sizes=\"auto, (max-width: 399px) 100vw, 399px\" \/><\/figure><div class=\"wp-block-media-text__content\">\n<p><a href=\"https:\/\/www.idiap.ch\/~evillatoro\/\">Esa\u00fa Villatoro Tello- Idiap Research Suiza<\/a><\/p>\n<\/div><\/div>\n","protected":false},"excerpt":{"rendered":"<p>La iniciativa tiene como objetivo crear una serie de seminarios virtuales para la difusi\u00f3n y [&hellip;]<\/p>\n","protected":false},"author":1,"featured_media":0,"parent":0,"menu_order":0,"comment_status":"closed","ping_status":"closed","template":"","meta":{"footnotes":""},"class_list":["post-2","page","type-page","status-publish","hentry"],"_links":{"self":[{"href":"https:\/\/www.nlpwebinarmx.org\/nlpwebinarmx\/wp-json\/wp\/v2\/pages\/2","targetHints":{"allow":["GET"]}}],"collection":[{"href":"https:\/\/www.nlpwebinarmx.org\/nlpwebinarmx\/wp-json\/wp\/v2\/pages"}],"about":[{"href":"https:\/\/www.nlpwebinarmx.org\/nlpwebinarmx\/wp-json\/wp\/v2\/types\/page"}],"author":[{"embeddable":true,"href":"https:\/\/www.nlpwebinarmx.org\/nlpwebinarmx\/wp-json\/wp\/v2\/users\/1"}],"replies":[{"embeddable":true,"href":"https:\/\/www.nlpwebinarmx.org\/nlpwebinarmx\/wp-json\/wp\/v2\/comments?post=2"}],"version-history":[{"count":23,"href":"https:\/\/www.nlpwebinarmx.org\/nlpwebinarmx\/wp-json\/wp\/v2\/pages\/2\/revisions"}],"predecessor-version":[{"id":242,"href":"https:\/\/www.nlpwebinarmx.org\/nlpwebinarmx\/wp-json\/wp\/v2\/pages\/2\/revisions\/242"}],"wp:attachment":[{"href":"https:\/\/www.nlpwebinarmx.org\/nlpwebinarmx\/wp-json\/wp\/v2\/media?parent=2"}],"curies":[{"name":"wp","href":"https:\/\/api.w.org\/{rel}","templated":true}]}}